{"id":111,"date":"2025-11-26T14:22:32","date_gmt":"2025-11-26T13:22:32","guid":{"rendered":"https:\/\/www.sefmat.com\/?page_id=111"},"modified":"2025-12-16T11:05:54","modified_gmt":"2025-12-16T10:05:54","slug":"accueil","status":"publish","type":"page","link":"https:\/\/www.sefmat.com\/es\/","title":{"rendered":"Accueil"},"content":{"rendered":"","protected":false},"excerpt":{"rendered":"","protected":false},"author":1,"featured_media":0,"parent":0,"menu_order":0,"comment_status":"closed","ping_status":"closed","template":"page-accueil.php","meta":{"_acf_changed":false,"footnotes":""},"class_list":["post-111","page","type-page","status-publish","hentry"],"acf":[],"yoast_head":"<!-- This site is optimized with the Yoast SEO plugin v27.4 - https:\/\/yoast.com\/product\/yoast-seo-wordpress\/ -->\n<title>Grupo SEFMAT - Soluciones innovadoras para la producci\u00f3n de calor intenso<\/title>\n<meta name=\"description\" content=\"Dise\u00f1ador de productos innovadores y seguros para la producci\u00f3n de calor intenso. RIPACK\u00ae est\u00e1 especializada en embalaje, RIPAMARK\u00ae en se\u00f1alizaci\u00f3n vial, RIPACK SUPPLIES\u00ae en la protecci\u00f3n de bienes industriales voluminosos y RIPAGREEN\u00ae en el desherbado t\u00e9rmico.\" \/>\n<meta name=\"robots\" content=\"index, follow, max-snippet:-1, max-image-preview:large, max-video-preview:-1\" \/>\n<link rel=\"canonical\" href=\"https:\/\/www.sefmat.com\/es\/\" \/>\n<meta property=\"og:locale\" content=\"es_ES\" \/>\n<meta property=\"og:type\" content=\"article\" \/>\n<meta property=\"og:title\" content=\"Grupo SEFMAT - Soluciones innovadoras para la producci\u00f3n de calor intenso\" \/>\n<meta property=\"og:description\" content=\"Dise\u00f1ador de productos innovadores y seguros para la producci\u00f3n de calor intenso. RIPACK\u00ae est\u00e1 especializada en embalaje, RIPAMARK\u00ae en se\u00f1alizaci\u00f3n vial, RIPACK SUPPLIES\u00ae en la protecci\u00f3n de bienes industriales voluminosos y RIPAGREEN\u00ae en el desherbado t\u00e9rmico.\" \/>\n<meta property=\"og:url\" content=\"https:\/\/www.sefmat.com\/es\/\" \/>\n<meta property=\"og:site_name\" content=\"Groupe Sefmat\" \/>\n<meta property=\"article:modified_time\" content=\"2025-12-16T10:05:54+00:00\" \/>\n<meta name=\"twitter:card\" content=\"summary_large_image\" \/>\n<script type=\"application\/ld+json\" class=\"yoast-schema-graph\">{\"@context\":\"https:\\\/\\\/schema.org\",\"@graph\":[{\"@type\":\"WebPage\",\"@id\":\"https:\\\/\\\/www.sefmat.com\\\/es\\\/\",\"url\":\"https:\\\/\\\/www.sefmat.com\\\/es\\\/\",\"name\":\"Grupo SEFMAT - Soluciones innovadoras para la producci\u00f3n de calor intenso\",\"isPartOf\":{\"@id\":\"https:\\\/\\\/www.sefmat.com\\\/es\\\/#website\"},\"datePublished\":\"2025-11-26T13:22:32+00:00\",\"dateModified\":\"2025-12-16T10:05:54+00:00\",\"description\":\"Dise\u00f1ador de productos innovadores y seguros para la producci\u00f3n de calor intenso. RIPACK\u00ae est\u00e1 especializada en embalaje, RIPAMARK\u00ae en se\u00f1alizaci\u00f3n vial, RIPACK SUPPLIES\u00ae en la protecci\u00f3n de bienes industriales voluminosos y RIPAGREEN\u00ae en el desherbado t\u00e9rmico.\",\"breadcrumb\":{\"@id\":\"https:\\\/\\\/www.sefmat.com\\\/es\\\/#breadcrumb\"},\"inLanguage\":\"es\",\"potentialAction\":[{\"@type\":\"ReadAction\",\"target\":[\"https:\\\/\\\/www.sefmat.com\\\/es\\\/\"]}]},{\"@type\":\"BreadcrumbList\",\"@id\":\"https:\\\/\\\/www.sefmat.com\\\/es\\\/#breadcrumb\",\"itemListElement\":[{\"@type\":\"ListItem\",\"position\":1,\"name\":\"Accueil\",\"item\":\"https:\\\/\\\/www.sefmat.com\\\/es\\\/\"},{\"@type\":\"ListItem\",\"position\":2,\"name\":\"Accueil\"}]},{\"@type\":\"WebSite\",\"@id\":\"https:\\\/\\\/www.sefmat.com\\\/es\\\/#website\",\"url\":\"https:\\\/\\\/www.sefmat.com\\\/es\\\/\",\"name\":\"Groupe Sefmat\",\"description\":\"Concepteur de solutions innovantes pour la production de chaleur intense\",\"alternateName\":\"Sefmat\",\"potentialAction\":[{\"@type\":\"SearchAction\",\"target\":{\"@type\":\"EntryPoint\",\"urlTemplate\":\"https:\\\/\\\/www.sefmat.com\\\/es\\\/?s={search_term_string}\"},\"query-input\":{\"@type\":\"PropertyValueSpecification\",\"valueRequired\":true,\"valueName\":\"search_term_string\"}}],\"inLanguage\":\"es\"}]}<\/script>\n<!-- \/ Yoast SEO plugin. -->","yoast_head_json":{"title":"Grupo SEFMAT - Soluciones innovadoras para la producci\u00f3n de calor intenso","description":"Dise\u00f1ador de productos innovadores y seguros para la producci\u00f3n de calor intenso. RIPACK\u00ae est\u00e1 especializada en embalaje, RIPAMARK\u00ae en se\u00f1alizaci\u00f3n vial, RIPACK SUPPLIES\u00ae en la protecci\u00f3n de bienes industriales voluminosos y RIPAGREEN\u00ae en el desherbado t\u00e9rmico.","robots":{"index":"index","follow":"follow","max-snippet":"max-snippet:-1","max-image-preview":"max-image-preview:large","max-video-preview":"max-video-preview:-1"},"canonical":"https:\/\/www.sefmat.com\/es\/","og_locale":"es_ES","og_type":"article","og_title":"Grupo SEFMAT - Soluciones innovadoras para la producci\u00f3n de calor intenso","og_description":"Dise\u00f1ador de productos innovadores y seguros para la producci\u00f3n de calor intenso. RIPACK\u00ae est\u00e1 especializada en embalaje, RIPAMARK\u00ae en se\u00f1alizaci\u00f3n vial, RIPACK SUPPLIES\u00ae en la protecci\u00f3n de bienes industriales voluminosos y RIPAGREEN\u00ae en el desherbado t\u00e9rmico.","og_url":"https:\/\/www.sefmat.com\/es\/","og_site_name":"Groupe Sefmat","article_modified_time":"2025-12-16T10:05:54+00:00","twitter_card":"summary_large_image","schema":{"@context":"https:\/\/schema.org","@graph":[{"@type":"WebPage","@id":"https:\/\/www.sefmat.com\/es\/","url":"https:\/\/www.sefmat.com\/es\/","name":"Grupo SEFMAT - Soluciones innovadoras para la producci\u00f3n de calor intenso","isPartOf":{"@id":"https:\/\/www.sefmat.com\/es\/#website"},"datePublished":"2025-11-26T13:22:32+00:00","dateModified":"2025-12-16T10:05:54+00:00","description":"Dise\u00f1ador de productos innovadores y seguros para la producci\u00f3n de calor intenso. RIPACK\u00ae est\u00e1 especializada en embalaje, RIPAMARK\u00ae en se\u00f1alizaci\u00f3n vial, RIPACK SUPPLIES\u00ae en la protecci\u00f3n de bienes industriales voluminosos y RIPAGREEN\u00ae en el desherbado t\u00e9rmico.","breadcrumb":{"@id":"https:\/\/www.sefmat.com\/es\/#breadcrumb"},"inLanguage":"es","potentialAction":[{"@type":"ReadAction","target":["https:\/\/www.sefmat.com\/es\/"]}]},{"@type":"BreadcrumbList","@id":"https:\/\/www.sefmat.com\/es\/#breadcrumb","itemListElement":[{"@type":"ListItem","position":1,"name":"Accueil","item":"https:\/\/www.sefmat.com\/es\/"},{"@type":"ListItem","position":2,"name":"Accueil"}]},{"@type":"WebSite","@id":"https:\/\/www.sefmat.com\/es\/#website","url":"https:\/\/www.sefmat.com\/es\/","name":"Groupe Sefmat","description":"Concepteur de solutions innovantes pour la production de chaleur intense","alternateName":"Sefmat","potentialAction":[{"@type":"SearchAction","target":{"@type":"EntryPoint","urlTemplate":"https:\/\/www.sefmat.com\/es\/?s={search_term_string}"},"query-input":{"@type":"PropertyValueSpecification","valueRequired":true,"valueName":"search_term_string"}}],"inLanguage":"es"}]}},"_links":{"self":[{"href":"https:\/\/www.sefmat.com\/es\/wp-json\/wp\/v2\/pages\/111","targetHints":{"allow":["GET"]}}],"collection":[{"href":"https:\/\/www.sefmat.com\/es\/wp-json\/wp\/v2\/pages"}],"about":[{"href":"https:\/\/www.sefmat.com\/es\/wp-json\/wp\/v2\/types\/page"}],"author":[{"embeddable":true,"href":"https:\/\/www.sefmat.com\/es\/wp-json\/wp\/v2\/users\/1"}],"replies":[{"embeddable":true,"href":"https:\/\/www.sefmat.com\/es\/wp-json\/wp\/v2\/comments?post=111"}],"version-history":[{"count":19,"href":"https:\/\/www.sefmat.com\/es\/wp-json\/wp\/v2\/pages\/111\/revisions"}],"predecessor-version":[{"id":253,"href":"https:\/\/www.sefmat.com\/es\/wp-json\/wp\/v2\/pages\/111\/revisions\/253"}],"wp:attachment":[{"href":"https:\/\/www.sefmat.com\/es\/wp-json\/wp\/v2\/media?parent=111"}],"curies":[{"name":"wp","href":"https:\/\/api.w.org\/{rel}","templated":true}]}}