{"id":110,"date":"2025-11-26T14:22:32","date_gmt":"2025-11-26T13:22:32","guid":{"rendered":"https:\/\/www.sefmat.com\/?page_id=110"},"modified":"2025-12-22T07:51:21","modified_gmt":"2025-12-22T06:51:21","slug":"accueil","status":"publish","type":"page","link":"https:\/\/www.sefmat.com\/de\/","title":{"rendered":"Accueil"},"content":{"rendered":"","protected":false},"excerpt":{"rendered":"","protected":false},"author":1,"featured_media":0,"parent":0,"menu_order":0,"comment_status":"closed","ping_status":"closed","template":"page-accueil.php","meta":{"_acf_changed":false,"footnotes":""},"class_list":["post-110","page","type-page","status-publish","hentry"],"acf":[],"yoast_head":"<!-- This site is optimized with the Yoast SEO plugin v27.4 - https:\/\/yoast.com\/product\/yoast-seo-wordpress\/ -->\n<title>Gruppe SEFMAT - Innovative L\u00f6sungen f\u00fcr die Erzeugung intensiver W\u00e4rme<\/title>\n<meta name=\"description\" content=\"Entwickler innovativer und sicherer Produkte f\u00fcr die Erzeugung intensiver W\u00e4rme. RIPACK\u00ae ist auf Verpackung spezialisiert, RIPAMARK\u00ae auf Stra\u00dfenmarkierung, RIPACK SUPPLIES\u00ae auf den Schutz gro\u00dfvolumiger Industrieanlagen und RIPAGREEN\u00ae auf thermische Unkrautbek\u00e4mpfung.\" \/>\n<meta name=\"robots\" content=\"index, follow, max-snippet:-1, max-image-preview:large, max-video-preview:-1\" \/>\n<link rel=\"canonical\" href=\"https:\/\/www.sefmat.com\/de\/\" \/>\n<meta property=\"og:locale\" content=\"de_DE\" \/>\n<meta property=\"og:type\" content=\"article\" \/>\n<meta property=\"og:title\" content=\"Gruppe SEFMAT - Innovative L\u00f6sungen f\u00fcr die Erzeugung intensiver W\u00e4rme\" \/>\n<meta property=\"og:description\" content=\"Entwickler innovativer und sicherer Produkte f\u00fcr die Erzeugung intensiver W\u00e4rme. RIPACK\u00ae ist auf Verpackung spezialisiert, RIPAMARK\u00ae auf Stra\u00dfenmarkierung, RIPACK SUPPLIES\u00ae auf den Schutz gro\u00dfvolumiger Industrieanlagen und RIPAGREEN\u00ae auf thermische Unkrautbek\u00e4mpfung.\" \/>\n<meta property=\"og:url\" content=\"https:\/\/www.sefmat.com\/de\/\" \/>\n<meta property=\"og:site_name\" content=\"Groupe Sefmat\" \/>\n<meta property=\"article:modified_time\" content=\"2025-12-22T06:51:21+00:00\" \/>\n<meta name=\"twitter:card\" content=\"summary_large_image\" \/>\n<script type=\"application\/ld+json\" class=\"yoast-schema-graph\">{\"@context\":\"https:\\\/\\\/schema.org\",\"@graph\":[{\"@type\":\"WebPage\",\"@id\":\"https:\\\/\\\/www.sefmat.com\\\/de\\\/\",\"url\":\"https:\\\/\\\/www.sefmat.com\\\/de\\\/\",\"name\":\"Gruppe SEFMAT - Innovative L\u00f6sungen f\u00fcr die Erzeugung intensiver W\u00e4rme\",\"isPartOf\":{\"@id\":\"https:\\\/\\\/www.sefmat.com\\\/de\\\/#website\"},\"datePublished\":\"2025-11-26T13:22:32+00:00\",\"dateModified\":\"2025-12-22T06:51:21+00:00\",\"description\":\"Entwickler innovativer und sicherer Produkte f\u00fcr die Erzeugung intensiver W\u00e4rme. RIPACK\u00ae ist auf Verpackung spezialisiert, RIPAMARK\u00ae auf Stra\u00dfenmarkierung, RIPACK SUPPLIES\u00ae auf den Schutz gro\u00dfvolumiger Industrieanlagen und RIPAGREEN\u00ae auf thermische Unkrautbek\u00e4mpfung.\",\"breadcrumb\":{\"@id\":\"https:\\\/\\\/www.sefmat.com\\\/de\\\/#breadcrumb\"},\"inLanguage\":\"de\",\"potentialAction\":[{\"@type\":\"ReadAction\",\"target\":[\"https:\\\/\\\/www.sefmat.com\\\/de\\\/\"]}]},{\"@type\":\"BreadcrumbList\",\"@id\":\"https:\\\/\\\/www.sefmat.com\\\/de\\\/#breadcrumb\",\"itemListElement\":[{\"@type\":\"ListItem\",\"position\":1,\"name\":\"Accueil\",\"item\":\"https:\\\/\\\/www.sefmat.com\\\/de\\\/\"},{\"@type\":\"ListItem\",\"position\":2,\"name\":\"Accueil\"}]},{\"@type\":\"WebSite\",\"@id\":\"https:\\\/\\\/www.sefmat.com\\\/de\\\/#website\",\"url\":\"https:\\\/\\\/www.sefmat.com\\\/de\\\/\",\"name\":\"Groupe Sefmat\",\"description\":\"Concepteur de solutions innovantes pour la production de chaleur intense\",\"alternateName\":\"Sefmat\",\"potentialAction\":[{\"@type\":\"SearchAction\",\"target\":{\"@type\":\"EntryPoint\",\"urlTemplate\":\"https:\\\/\\\/www.sefmat.com\\\/de\\\/?s={search_term_string}\"},\"query-input\":{\"@type\":\"PropertyValueSpecification\",\"valueRequired\":true,\"valueName\":\"search_term_string\"}}],\"inLanguage\":\"de\"}]}<\/script>\n<!-- \/ Yoast SEO plugin. -->","yoast_head_json":{"title":"Gruppe SEFMAT - Innovative L\u00f6sungen f\u00fcr die Erzeugung intensiver W\u00e4rme","description":"Entwickler innovativer und sicherer Produkte f\u00fcr die Erzeugung intensiver W\u00e4rme. RIPACK\u00ae ist auf Verpackung spezialisiert, RIPAMARK\u00ae auf Stra\u00dfenmarkierung, RIPACK SUPPLIES\u00ae auf den Schutz gro\u00dfvolumiger Industrieanlagen und RIPAGREEN\u00ae auf thermische Unkrautbek\u00e4mpfung.","robots":{"index":"index","follow":"follow","max-snippet":"max-snippet:-1","max-image-preview":"max-image-preview:large","max-video-preview":"max-video-preview:-1"},"canonical":"https:\/\/www.sefmat.com\/de\/","og_locale":"de_DE","og_type":"article","og_title":"Gruppe SEFMAT - Innovative L\u00f6sungen f\u00fcr die Erzeugung intensiver W\u00e4rme","og_description":"Entwickler innovativer und sicherer Produkte f\u00fcr die Erzeugung intensiver W\u00e4rme. RIPACK\u00ae ist auf Verpackung spezialisiert, RIPAMARK\u00ae auf Stra\u00dfenmarkierung, RIPACK SUPPLIES\u00ae auf den Schutz gro\u00dfvolumiger Industrieanlagen und RIPAGREEN\u00ae auf thermische Unkrautbek\u00e4mpfung.","og_url":"https:\/\/www.sefmat.com\/de\/","og_site_name":"Groupe Sefmat","article_modified_time":"2025-12-22T06:51:21+00:00","twitter_card":"summary_large_image","schema":{"@context":"https:\/\/schema.org","@graph":[{"@type":"WebPage","@id":"https:\/\/www.sefmat.com\/de\/","url":"https:\/\/www.sefmat.com\/de\/","name":"Gruppe SEFMAT - Innovative L\u00f6sungen f\u00fcr die Erzeugung intensiver W\u00e4rme","isPartOf":{"@id":"https:\/\/www.sefmat.com\/de\/#website"},"datePublished":"2025-11-26T13:22:32+00:00","dateModified":"2025-12-22T06:51:21+00:00","description":"Entwickler innovativer und sicherer Produkte f\u00fcr die Erzeugung intensiver W\u00e4rme. RIPACK\u00ae ist auf Verpackung spezialisiert, RIPAMARK\u00ae auf Stra\u00dfenmarkierung, RIPACK SUPPLIES\u00ae auf den Schutz gro\u00dfvolumiger Industrieanlagen und RIPAGREEN\u00ae auf thermische Unkrautbek\u00e4mpfung.","breadcrumb":{"@id":"https:\/\/www.sefmat.com\/de\/#breadcrumb"},"inLanguage":"de","potentialAction":[{"@type":"ReadAction","target":["https:\/\/www.sefmat.com\/de\/"]}]},{"@type":"BreadcrumbList","@id":"https:\/\/www.sefmat.com\/de\/#breadcrumb","itemListElement":[{"@type":"ListItem","position":1,"name":"Accueil","item":"https:\/\/www.sefmat.com\/de\/"},{"@type":"ListItem","position":2,"name":"Accueil"}]},{"@type":"WebSite","@id":"https:\/\/www.sefmat.com\/de\/#website","url":"https:\/\/www.sefmat.com\/de\/","name":"Groupe Sefmat","description":"Concepteur de solutions innovantes pour la production de chaleur intense","alternateName":"Sefmat","potentialAction":[{"@type":"SearchAction","target":{"@type":"EntryPoint","urlTemplate":"https:\/\/www.sefmat.com\/de\/?s={search_term_string}"},"query-input":{"@type":"PropertyValueSpecification","valueRequired":true,"valueName":"search_term_string"}}],"inLanguage":"de"}]}},"_links":{"self":[{"href":"https:\/\/www.sefmat.com\/de\/wp-json\/wp\/v2\/pages\/110","targetHints":{"allow":["GET"]}}],"collection":[{"href":"https:\/\/www.sefmat.com\/de\/wp-json\/wp\/v2\/pages"}],"about":[{"href":"https:\/\/www.sefmat.com\/de\/wp-json\/wp\/v2\/types\/page"}],"author":[{"embeddable":true,"href":"https:\/\/www.sefmat.com\/de\/wp-json\/wp\/v2\/users\/1"}],"replies":[{"embeddable":true,"href":"https:\/\/www.sefmat.com\/de\/wp-json\/wp\/v2\/comments?post=110"}],"version-history":[{"count":24,"href":"https:\/\/www.sefmat.com\/de\/wp-json\/wp\/v2\/pages\/110\/revisions"}],"predecessor-version":[{"id":263,"href":"https:\/\/www.sefmat.com\/de\/wp-json\/wp\/v2\/pages\/110\/revisions\/263"}],"wp:attachment":[{"href":"https:\/\/www.sefmat.com\/de\/wp-json\/wp\/v2\/media?parent=110"}],"curies":[{"name":"wp","href":"https:\/\/api.w.org\/{rel}","templated":true}]}}